{"id":678,"date":"2023-05-24T19:08:58","date_gmt":"2023-05-24T19:08:58","guid":{"rendered":"https:\/\/agroforestalrios.com\/?page_id=678"},"modified":"2023-05-30T18:54:52","modified_gmt":"2023-05-30T18:54:52","slug":"politica-de-cookies","status":"publish","type":"page","link":"https:\/\/www.agroforestalrios.com\/en\/politica-de-cookies\/","title":{"rendered":"Pol\u00edtica de Cookies"},"content":{"rendered":"<div class=\"gb-container gb-container-2d60dc5b\">\n\n<h1 class=\"wp-block-heading\">Pol\u00edtica de Cookies<\/h1>\n\n\n\n<p>Las cookies son&nbsp;<strong>peque\u00f1os fragmentos de texto que los sitios web que visitas env\u00edan al navegador<\/strong>. Permiten que los sitios web recuerden informaci\u00f3n sobre tu visita, lo que puede hacer que sea m\u00e1s f\u00e1cil volver a visitar los sitios y hacer que estos te resulten m\u00e1s \u00fatiles o que los anuncios que vas a encontrar sean de m\u00e1s utilidad.&nbsp;<strong>A cada usuario se le asocia un ID \u00fanico y an\u00f3nimo<\/strong>.<\/p>\n\n\n\n<p>Puedes modificar las preferencias que hayas seleccionado al acceder a nuestro blog en el siguiente enlace: \ud83d\udc49&nbsp;<a href=\"#\" class=\"cn-revoke-cookie cn-button-inline cn-revoke-inline\" title=\"Revocar el consentimiento\">Revocar el consentimiento<\/a><\/p>\n\n\n\n<p>Las cookies pueden ser eliminadas desde el navegador en cualquier momento.<\/p>\n\n\n\n<h3 class=\"wp-block-heading\">Cookies propias<\/h3>\n\n\n\n<p>Si dejas un comentario en nuestro sitio puedes elegir guardar tu nombre, direcci\u00f3n de correo electr\u00f3nico y web en cookies. Esto es para tu comodidad, para que no tengas que volver a rellenar tus datos cuando dejes otro comentario. Estas cookies tendr\u00e1n una duraci\u00f3n de un a\u00f1o.<\/p>\n\n\n\n<p>Si tienes una cuenta y te conectas a este sitio, instalaremos una cookie temporal para determinar si tu navegador acepta cookies. Esta cookie no contiene datos personales y se elimina al cerrar el navegador.<\/p>\n\n\n\n<p>Cuando inicias sesi\u00f3n, tambi\u00e9n instalaremos varias cookies para guardar tu informaci\u00f3n de inicio de sesi\u00f3n y tus opciones de visualizaci\u00f3n de pantalla. Las cookies de inicio de sesi\u00f3n duran dos d\u00edas, y las cookies de opciones de pantalla duran un a\u00f1o. Si seleccionas \u00abRecordarme\u00bb, tu inicio de sesi\u00f3n perdurar\u00e1 durante dos semanas. Si sales de tu cuenta, las cookies de inicio de sesi\u00f3n se eliminar\u00e1n.<\/p>\n\n\n\n<p>Si editas o publicas un art\u00edculo se guardar\u00e1 una cookie adicional en tu navegador. Esta cookie no incluye datos personales y simplemente indica el ID del art\u00edculo que acabas de editar. Caduca despu\u00e9s de 1 d\u00eda.<\/p>\n\n<\/div>","protected":false},"excerpt":{"rendered":"<p>Pol\u00edtica de Cookies Las cookies son&nbsp;peque\u00f1os fragmentos de texto que los sitios web que visitas env\u00edan al navegador. Permiten que los sitios web recuerden informaci\u00f3n sobre tu visita, lo que puede hacer que sea m\u00e1s f\u00e1cil volver a visitar los sitios y hacer que estos te resulten m\u00e1s \u00fatiles o que los anuncios que vas &#8230; <a title=\"Pol\u00edtica de Cookies\" class=\"read-more\" href=\"https:\/\/www.agroforestalrios.com\/en\/politica-de-cookies\/\" aria-label=\"Read more about Pol\u00edtica de Cookies\">Read more<\/a><\/p>","protected":false},"author":1,"featured_media":0,"parent":0,"menu_order":0,"comment_status":"closed","ping_status":"closed","template":"","meta":{"_joinchat":[],"footnotes":""},"class_list":["post-678","page","type-page","status-publish"],"_links":{"self":[{"href":"https:\/\/www.agroforestalrios.com\/en\/wp-json\/wp\/v2\/pages\/678","targetHints":{"allow":["GET"]}}],"collection":[{"href":"https:\/\/www.agroforestalrios.com\/en\/wp-json\/wp\/v2\/pages"}],"about":[{"href":"https:\/\/www.agroforestalrios.com\/en\/wp-json\/wp\/v2\/types\/page"}],"author":[{"embeddable":true,"href":"https:\/\/www.agroforestalrios.com\/en\/wp-json\/wp\/v2\/users\/1"}],"replies":[{"embeddable":true,"href":"https:\/\/www.agroforestalrios.com\/en\/wp-json\/wp\/v2\/comments?post=678"}],"version-history":[{"count":6,"href":"https:\/\/www.agroforestalrios.com\/en\/wp-json\/wp\/v2\/pages\/678\/revisions"}],"predecessor-version":[{"id":844,"href":"https:\/\/www.agroforestalrios.com\/en\/wp-json\/wp\/v2\/pages\/678\/revisions\/844"}],"wp:attachment":[{"href":"https:\/\/www.agroforestalrios.com\/en\/wp-json\/wp\/v2\/media?parent=678"}],"curies":[{"name":"wp","href":"https:\/\/api.w.org\/{rel}","templated":true}]}}