{"id":545,"date":"2023-05-23T17:49:19","date_gmt":"2023-05-23T17:49:19","guid":{"rendered":"https:\/\/agroforestalrios.com\/?page_id=545"},"modified":"2023-11-18T10:49:30","modified_gmt":"2023-11-18T10:49:30","slug":"servicios-agroforestales","status":"publish","type":"page","link":"https:\/\/www.agroforestalrios.com\/en\/servicios-agroforestales\/","title":{"rendered":"Servicios"},"content":{"rendered":"<div class=\"gb-container gb-container-53ff3c59\">\n<div class=\"gb-container gb-container-a0da423f\">\n\n<p class=\"gb-headline gb-headline-1e75eccf gb-headline-text\">AGROFORESTAL RIOS<\/p>\n\n\n\n<h1 class=\"gb-headline gb-headline-ebad4560 gb-headline-text\">NUESTROS <strong><strong>SERVICIOS<\/strong><\/strong><\/h1>\n\n<\/div>\n<div class=\"gb-shapes\"><div class=\"gb-shape gb-shape-1\"><svg xmlns=\"http:\/\/www.w3.org\/2000\/svg\" viewbox=\"0 0 1200 131\" preserveaspectratio=\"none\"><path d=\"M1200 0L899 110 687 6 410 75 154.8 20 0 70v61h1200z\"\/><\/svg><\/div><\/div><\/div>\n\n<div class=\"gb-container gb-container-fc425cac\">\n<div class=\"gb-container gb-container-dec7a8a4\">\n<div class=\"gb-container gb-container-a7ee2ed6\">\n\n<a class=\"gb-button gb-button-6593cddf gb-button-text\" href=\"#limpieza-campos-y-montes\">Limpieza de campos y montes<\/a>\n\n\n\n<a class=\"gb-button gb-button-190f4e3c gb-button-text\" href=\"#empresa-de-excavaciones\">Empresa propia de excavaciones<\/a>\n\n\n\n<a class=\"gb-button gb-button-5c2bef5e gb-button-text\" href=\"#venta-de-olivos-centenarios\">Venta de olivos centenarios<\/a>\n\n<\/div>\n\n\n<div style=\"height:10px\" aria-hidden=\"true\" class=\"wp-block-spacer\"><\/div>\n\n<\/div>\n<\/div>\n\n<div class=\"gb-container gb-container-ad3fd2cd\">\n\n<div style=\"height:100px\" aria-hidden=\"true\" class=\"wp-block-spacer\"><\/div>\n\n\n\n<h2 class=\"wp-block-heading has-text-align-center\" id=\"limpieza-campos-y-montes\"><strong>Limpieza de campos y montes<\/strong><\/h2>\n\n\n\n<div style=\"height:20px\" aria-hidden=\"true\" class=\"wp-block-spacer\"><\/div>\n\n\n\n<p class=\"has-text-align-center has-medium-font-size\">Ofrecemos como complemento a la compra-venta de le\u00f1a <strong>la limpieza de campos y montes. <\/strong>Disponemos de <strong>tractores equipados con picadora <\/strong>que permite deshacernos de la rama cuando no se quiere o puede quemar.<\/p>\n\n\n\n<div style=\"height:20px\" aria-hidden=\"true\" class=\"wp-block-spacer\"><\/div>\n\n\n<div class=\"gb-grid-wrapper gb-grid-wrapper-c1a7cad7 img-precio-lena\">\n<div class=\"gb-grid-column gb-grid-column-3edd777d\"><div class=\"gb-container gb-container-3edd777d\">\n\n<figure class=\"wp-block-image size-large is-style-default\"><img decoding=\"async\" src=\"data:image\/gif;base64,R0lGODlhAQABAIAAAAAAAP\/\/\/yH5BAEAAAAALAAAAAABAAEAAAIBRAA7\" data-src=\"https:\/\/agroforestalrios.com\/wp-content\/uploads\/2023\/05\/servicios-agroforestal-rios-1024x682.webp\" alt=\"servicios agroforestales\" class=\"wp-image-546 lazyload\"\/><noscript><img decoding=\"async\" width=\"1024\" height=\"682\" src=\"https:\/\/agroforestalrios.com\/wp-content\/uploads\/2023\/05\/servicios-agroforestal-rios-1024x682.webp\" alt=\"servicios agroforestales\" class=\"wp-image-546 lazyload\" srcset=\"https:\/\/www.agroforestalrios.com\/wp-content\/uploads\/2023\/05\/servicios-agroforestal-rios-1024x682.webp 1024w, https:\/\/www.agroforestalrios.com\/wp-content\/uploads\/2023\/05\/servicios-agroforestal-rios-300x200.webp 300w, https:\/\/www.agroforestalrios.com\/wp-content\/uploads\/2023\/05\/servicios-agroforestal-rios-768x512.webp 768w, https:\/\/www.agroforestalrios.com\/wp-content\/uploads\/2023\/05\/servicios-agroforestal-rios-1536x1024.webp 1536w, https:\/\/www.agroforestalrios.com\/wp-content\/uploads\/2023\/05\/servicios-agroforestal-rios.webp 2000w\" sizes=\"(max-width: 1024px) 100vw, 1024px\" \/><\/noscript><\/figure>\n\n<\/div><\/div>\n\n<div class=\"gb-grid-column gb-grid-column-80b033f7\"><div class=\"gb-container gb-container-80b033f7\">\n\n<figure class=\"wp-block-image size-large is-style-default\"><img decoding=\"async\" src=\"data:image\/gif;base64,R0lGODlhAQABAIAAAAAAAP\/\/\/yH5BAEAAAAALAAAAAABAAEAAAIBRAA7\" data-src=\"https:\/\/agroforestalrios.com\/wp-content\/uploads\/2023\/05\/maquinaria-agroforestal-rios.webp\" alt=\"\" class=\"wp-image-784 lazyload\"\/><noscript><img decoding=\"async\" width=\"800\" height=\"533\" src=\"https:\/\/agroforestalrios.com\/wp-content\/uploads\/2023\/05\/maquinaria-agroforestal-rios.webp\" alt=\"\" class=\"wp-image-784 lazyload\" srcset=\"https:\/\/www.agroforestalrios.com\/wp-content\/uploads\/2023\/05\/maquinaria-agroforestal-rios.webp 800w, https:\/\/www.agroforestalrios.com\/wp-content\/uploads\/2023\/05\/maquinaria-agroforestal-rios-300x200.webp 300w, https:\/\/www.agroforestalrios.com\/wp-content\/uploads\/2023\/05\/maquinaria-agroforestal-rios-768x512.webp 768w\" sizes=\"(max-width: 800px) 100vw, 800px\" \/><\/noscript><\/figure>\n\n<\/div><\/div>\n<\/div>\n\n\n<div style=\"height:100px\" aria-hidden=\"true\" class=\"wp-block-spacer\"><\/div>\n\n<\/div>\n\n<div class=\"gb-container gb-container-0f322695\">\n<div class=\"gb-container gb-container-a9750792\">\n\n<div style=\"height:100px\" aria-hidden=\"true\" class=\"wp-block-spacer\"><\/div>\n\n\n\n<h2 class=\"wp-block-heading has-text-align-center\" id=\"empresa-de-excavaciones\"><strong>Empresa propia de excavaciones<\/strong><\/h2>\n\n\n\n<div style=\"height:20px\" aria-hidden=\"true\" class=\"wp-block-spacer\"><\/div>\n\n\n\n<p class=\"has-text-align-center has-medium-font-size\">Contamos con maquinaria propia para servicios de excavaci\u00f3n. Esto nos permite limpiar las ra\u00edces de almendros y olivos y dejar el campo limpio para su explotaci\u00f3n al agricultor.<\/p>\n\n\n\n<div style=\"height:20px\" aria-hidden=\"true\" class=\"wp-block-spacer\"><\/div>\n\n\n<div class=\"gb-grid-wrapper gb-grid-wrapper-8686e382 img-precio-lena\">\n<div class=\"gb-grid-column gb-grid-column-de709717\"><div class=\"gb-container gb-container-de709717\">\n\n<figure class=\"wp-block-image size-large is-style-default\"><img decoding=\"async\" src=\"data:image\/gif;base64,R0lGODlhAQABAIAAAAAAAP\/\/\/yH5BAEAAAAALAAAAAABAAEAAAIBRAA7\" data-src=\"https:\/\/agroforestalrios.com\/wp-content\/uploads\/2023\/05\/servicio-retroexcavadoras.webp\" alt=\"\" class=\"wp-image-754 lazyload\"\/><noscript><img decoding=\"async\" width=\"800\" height=\"533\" src=\"https:\/\/agroforestalrios.com\/wp-content\/uploads\/2023\/05\/servicio-retroexcavadoras.webp\" alt=\"\" class=\"wp-image-754 lazyload\" srcset=\"https:\/\/www.agroforestalrios.com\/wp-content\/uploads\/2023\/05\/servicio-retroexcavadoras.webp 800w, https:\/\/www.agroforestalrios.com\/wp-content\/uploads\/2023\/05\/servicio-retroexcavadoras-300x200.webp 300w, https:\/\/www.agroforestalrios.com\/wp-content\/uploads\/2023\/05\/servicio-retroexcavadoras-768x512.webp 768w\" sizes=\"(max-width: 800px) 100vw, 800px\" \/><\/noscript><\/figure>\n\n<\/div><\/div>\n\n<div class=\"gb-grid-column gb-grid-column-45108679\"><div class=\"gb-container gb-container-45108679\">\n\n<figure class=\"wp-block-image size-large is-style-default\"><img decoding=\"async\" src=\"data:image\/gif;base64,R0lGODlhAQABAIAAAAAAAP\/\/\/yH5BAEAAAAALAAAAAABAAEAAAIBRAA7\" data-src=\"https:\/\/agroforestalrios.com\/wp-content\/uploads\/2023\/05\/picadora-agroforestal-rios.webp\" alt=\"\" class=\"wp-image-785 lazyload\"\/><noscript><img decoding=\"async\" width=\"800\" height=\"533\" src=\"https:\/\/agroforestalrios.com\/wp-content\/uploads\/2023\/05\/picadora-agroforestal-rios.webp\" alt=\"\" class=\"wp-image-785 lazyload\" srcset=\"https:\/\/www.agroforestalrios.com\/wp-content\/uploads\/2023\/05\/picadora-agroforestal-rios.webp 800w, https:\/\/www.agroforestalrios.com\/wp-content\/uploads\/2023\/05\/picadora-agroforestal-rios-300x200.webp 300w, https:\/\/www.agroforestalrios.com\/wp-content\/uploads\/2023\/05\/picadora-agroforestal-rios-768x512.webp 768w\" sizes=\"(max-width: 800px) 100vw, 800px\" \/><\/noscript><\/figure>\n\n<\/div><\/div>\n<\/div>\n\n\n<div style=\"height:100px\" aria-hidden=\"true\" class=\"wp-block-spacer\"><\/div>\n\n<\/div>\n<\/div>\n\n<div class=\"gb-container gb-container-487078ba\">\n<div class=\"gb-container gb-container-4743720a\">\n\n<div style=\"height:100px\" aria-hidden=\"true\" class=\"wp-block-spacer\"><\/div>\n\n\n\n<h2 class=\"wp-block-heading has-text-align-center\" id=\"venta-de-olivos-centenarios\"><strong>Venta de olivos centenarios<\/strong><\/h2>\n\n\n\n<div style=\"height:20px\" aria-hidden=\"true\" class=\"wp-block-spacer\"><\/div>\n\n\n\n<p class=\"has-text-align-center has-medium-font-size\">En nuestras instalaciones almacenamos <strong>olivos centenarios<\/strong> preparados para su venta. Tambi\u00e9n ofrecemos el <strong>servicio de transporte <\/strong>hasta el lugar de destino.<\/p>\n\n\n\n<div style=\"height:20px\" aria-hidden=\"true\" class=\"wp-block-spacer\"><\/div>\n\n\n\n<figure class=\"wp-block-gallery has-nested-images columns-6 is-cropped img-precio-lena wp-block-gallery-1 is-layout-flex wp-block-gallery-is-layout-flex\">\n<figure class=\"wp-block-image size-full is-style-default\"><img decoding=\"async\" data-id=\"584\" src=\"data:image\/gif;base64,R0lGODlhAQABAIAAAAAAAP\/\/\/yH5BAEAAAAALAAAAAABAAEAAAIBRAA7\" data-src=\"https:\/\/agroforestalrios.com\/wp-content\/uploads\/2023\/05\/olivo-centenario-1.webp\" alt=\"\" class=\"wp-image-584 lazyload\"\/><noscript><img decoding=\"async\" width=\"450\" height=\"800\" data-id=\"584\" src=\"https:\/\/agroforestalrios.com\/wp-content\/uploads\/2023\/05\/olivo-centenario-1.webp\" alt=\"\" class=\"wp-image-584 lazyload\" srcset=\"https:\/\/www.agroforestalrios.com\/wp-content\/uploads\/2023\/05\/olivo-centenario-1.webp 450w, https:\/\/www.agroforestalrios.com\/wp-content\/uploads\/2023\/05\/olivo-centenario-1-169x300.webp 169w\" sizes=\"(max-width: 450px) 100vw, 450px\" \/><\/noscript><\/figure>\n\n\n\n<figure class=\"wp-block-image size-full is-style-default\"><img decoding=\"async\" data-id=\"587\" src=\"data:image\/gif;base64,R0lGODlhAQABAIAAAAAAAP\/\/\/yH5BAEAAAAALAAAAAABAAEAAAIBRAA7\" data-src=\"https:\/\/agroforestalrios.com\/wp-content\/uploads\/2023\/05\/olivo-centenario-2.webp\" alt=\"\" class=\"wp-image-587 lazyload\"\/><noscript><img decoding=\"async\" width=\"450\" height=\"800\" data-id=\"587\" src=\"https:\/\/agroforestalrios.com\/wp-content\/uploads\/2023\/05\/olivo-centenario-2.webp\" alt=\"\" class=\"wp-image-587 lazyload\" srcset=\"https:\/\/www.agroforestalrios.com\/wp-content\/uploads\/2023\/05\/olivo-centenario-2.webp 450w, https:\/\/www.agroforestalrios.com\/wp-content\/uploads\/2023\/05\/olivo-centenario-2-169x300.webp 169w\" sizes=\"(max-width: 450px) 100vw, 450px\" \/><\/noscript><\/figure>\n\n\n\n<figure class=\"wp-block-image size-full is-style-default\"><img decoding=\"async\" data-id=\"591\" src=\"data:image\/gif;base64,R0lGODlhAQABAIAAAAAAAP\/\/\/yH5BAEAAAAALAAAAAABAAEAAAIBRAA7\" data-src=\"https:\/\/agroforestalrios.com\/wp-content\/uploads\/2023\/05\/olivo-centenario-4.webp\" alt=\"\" class=\"wp-image-591 lazyload\"\/><noscript><img decoding=\"async\" width=\"450\" height=\"800\" data-id=\"591\" src=\"https:\/\/agroforestalrios.com\/wp-content\/uploads\/2023\/05\/olivo-centenario-4.webp\" alt=\"\" class=\"wp-image-591 lazyload\" srcset=\"https:\/\/www.agroforestalrios.com\/wp-content\/uploads\/2023\/05\/olivo-centenario-4.webp 450w, https:\/\/www.agroforestalrios.com\/wp-content\/uploads\/2023\/05\/olivo-centenario-4-169x300.webp 169w\" sizes=\"(max-width: 450px) 100vw, 450px\" \/><\/noscript><\/figure>\n\n\n\n<figure class=\"wp-block-image size-full is-style-default\"><img decoding=\"async\" data-id=\"592\" src=\"data:image\/gif;base64,R0lGODlhAQABAIAAAAAAAP\/\/\/yH5BAEAAAAALAAAAAABAAEAAAIBRAA7\" data-src=\"https:\/\/agroforestalrios.com\/wp-content\/uploads\/2023\/05\/olivo-centenario-5.webp\" alt=\"\" class=\"wp-image-592 lazyload\"\/><noscript><img decoding=\"async\" width=\"450\" height=\"800\" data-id=\"592\" src=\"https:\/\/agroforestalrios.com\/wp-content\/uploads\/2023\/05\/olivo-centenario-5.webp\" alt=\"\" class=\"wp-image-592 lazyload\" srcset=\"https:\/\/www.agroforestalrios.com\/wp-content\/uploads\/2023\/05\/olivo-centenario-5.webp 450w, https:\/\/www.agroforestalrios.com\/wp-content\/uploads\/2023\/05\/olivo-centenario-5-169x300.webp 169w\" sizes=\"(max-width: 450px) 100vw, 450px\" \/><\/noscript><\/figure>\n\n\n\n<figure class=\"wp-block-image size-medium is-style-default\"><img decoding=\"async\" data-id=\"593\" src=\"data:image\/gif;base64,R0lGODlhAQABAIAAAAAAAP\/\/\/yH5BAEAAAAALAAAAAABAAEAAAIBRAA7\" data-src=\"https:\/\/agroforestalrios.com\/wp-content\/uploads\/2023\/05\/olivo-centenario-6-169x300.webp\" alt=\"\" class=\"wp-image-593 lazyload\"\/><noscript><img decoding=\"async\" width=\"169\" height=\"300\" data-id=\"593\" src=\"https:\/\/agroforestalrios.com\/wp-content\/uploads\/2023\/05\/olivo-centenario-6-169x300.webp\" alt=\"\" class=\"wp-image-593 lazyload\" srcset=\"https:\/\/www.agroforestalrios.com\/wp-content\/uploads\/2023\/05\/olivo-centenario-6-169x300.webp 169w, https:\/\/www.agroforestalrios.com\/wp-content\/uploads\/2023\/05\/olivo-centenario-6.webp 450w\" sizes=\"(max-width: 169px) 100vw, 169px\" \/><\/noscript><\/figure>\n<\/figure>\n\n\n\n<div style=\"height:100px\" aria-hidden=\"true\" class=\"wp-block-spacer\"><\/div>\n\n<\/div>\n<\/div>\n\n<div class=\"gb-container gb-container-c94de1ac\">\n<div class=\"gb-container gb-container-68d8c959\">\n\n<div style=\"height:20px\" aria-hidden=\"true\" class=\"wp-block-spacer\"><\/div>\n\n\n\n<h2 class=\"wp-block-heading has-text-align-center has-contrast-color has-text-color\">\u00bfQuieres comprar le\u00f1a? Contacta con nosotros:<\/h2>\n\n\n\n<div style=\"height:10px\" aria-hidden=\"true\" class=\"wp-block-spacer\"><\/div>\n\n\n<div class=\"gb-grid-wrapper gb-grid-wrapper-1c373d5a\">\n<div class=\"gb-grid-column gb-grid-column-b7b4f620\"><div class=\"gb-container gb-container-b7b4f620\">\n\n<span class=\"gb-button gb-button-bccd89e3\"><span class=\"gb-icon\"><svg aria-hidden=\"true\" role=\"img\" height=\"1em\" width=\"1em\" viewbox=\"0 0 384 512\" xmlns=\"http:\/\/www.w3.org\/2000\/svg\"><path fill=\"currentColor\" d=\"M172.268 501.67C26.97 291.031 0 269.413 0 192 0 85.961 85.961 0 192 0s192 85.961 192 192c0 77.413-26.97 99.031-172.268 309.67-9.535 13.774-29.93 13.773-39.464 0zM192 272c44.183 0 80-35.817 80-80s-35.817-80-80-80-80 35.817-80 80 35.817 80 80 80z\"><\/path><\/svg><\/span><span class=\"gb-button-text\">Camino de Ponzano n\u00ba2<br>Laluenga (Huesca)<\/span><\/span>\n\n<\/div><\/div>\n\n<div class=\"gb-grid-column gb-grid-column-461f81be\"><div class=\"gb-container gb-container-461f81be\">\n\n<span class=\"gb-button gb-button-85067755\"><span class=\"gb-icon\"><svg aria-hidden=\"true\" role=\"img\" height=\"1em\" width=\"1em\" viewbox=\"0 0 512 512\" xmlns=\"http:\/\/www.w3.org\/2000\/svg\"><path fill=\"currentColor\" d=\"M493.4 24.6l-104-24c-11.3-2.6-22.9 3.3-27.5 13.9l-48 112c-4.2 9.8-1.4 21.3 6.9 28l60.6 49.6c-36 76.7-98.9 140.5-177.2 177.2l-49.6-60.6c-6.8-8.3-18.2-11.1-28-6.9l-112 48C3.9 366.5-2 378.1.6 389.4l24 104C27.1 504.2 36.7 512 48 512c256.1 0 464-207.5 464-464 0-11.2-7.7-20.9-18.6-23.4z\"><\/path><\/svg><\/span><span class=\"gb-button-text\">+34 607 56 82 56<\/span><\/span>\n\n<\/div><\/div>\n\n<div class=\"gb-grid-column gb-grid-column-0701be4b\"><div class=\"gb-container gb-container-0701be4b\">\n\n<a class=\"gb-button gb-button-5e2f2ee8\" href=\"mailto:eloyriosmoliner@yahoo.es\"><span class=\"gb-icon\"><svg aria-hidden=\"true\" role=\"img\" height=\"1em\" width=\"1em\" viewbox=\"0 0 512 512\" xmlns=\"http:\/\/www.w3.org\/2000\/svg\"><path fill=\"currentColor\" d=\"M464 64H48C21.49 64 0 85.49 0 112v288c0 26.51 21.49 48 48 48h416c26.51 0 48-21.49 48-48V112c0-26.51-21.49-48-48-48zm0 48v40.805c-22.422 18.259-58.168 46.651-134.587 106.49-16.841 13.247-50.201 45.072-73.413 44.701-23.208.375-56.579-31.459-73.413-44.701C106.18 199.465 70.425 171.067 48 152.805V112h416zM48 400V214.398c22.914 18.251 55.409 43.862 104.938 82.646 21.857 17.205 60.134 55.186 103.062 54.955 42.717.231 80.509-37.199 103.053-54.947 49.528-38.783 82.032-64.401 104.947-82.653V400H48z\"><\/path><\/svg><\/span><span class=\"gb-button-text\">Enviar email<\/span><\/a>\n\n<\/div><\/div>\n<\/div>\n\n\n<div style=\"height:20px\" aria-hidden=\"true\" class=\"wp-block-spacer\"><\/div>\n\n<\/div>\n<\/div>","protected":false},"excerpt":{"rendered":"<p>AGROFORESTAL RIOS NUESTROS SERVICIOS Limpieza de campos y montes Ofrecemos como complemento a la compra-venta de le\u00f1a la limpieza de campos y montes. Disponemos de tractores equipados con picadora que permite deshacernos de la rama cuando no se quiere o puede quemar. Empresa propia de excavaciones Contamos con maquinaria propia para servicios de excavaci\u00f3n. Esto &#8230; <a title=\"Servicios\" class=\"read-more\" href=\"https:\/\/www.agroforestalrios.com\/en\/servicios-agroforestales\/\" aria-label=\"Read more about Servicios\">Read more<\/a><\/p>","protected":false},"author":1,"featured_media":0,"parent":0,"menu_order":0,"comment_status":"closed","ping_status":"closed","template":"","meta":{"_joinchat":[],"footnotes":""},"class_list":["post-545","page","type-page","status-publish"],"_links":{"self":[{"href":"https:\/\/www.agroforestalrios.com\/en\/wp-json\/wp\/v2\/pages\/545","targetHints":{"allow":["GET"]}}],"collection":[{"href":"https:\/\/www.agroforestalrios.com\/en\/wp-json\/wp\/v2\/pages"}],"about":[{"href":"https:\/\/www.agroforestalrios.com\/en\/wp-json\/wp\/v2\/types\/page"}],"author":[{"embeddable":true,"href":"https:\/\/www.agroforestalrios.com\/en\/wp-json\/wp\/v2\/users\/1"}],"replies":[{"embeddable":true,"href":"https:\/\/www.agroforestalrios.com\/en\/wp-json\/wp\/v2\/comments?post=545"}],"version-history":[{"count":42,"href":"https:\/\/www.agroforestalrios.com\/en\/wp-json\/wp\/v2\/pages\/545\/revisions"}],"predecessor-version":[{"id":881,"href":"https:\/\/www.agroforestalrios.com\/en\/wp-json\/wp\/v2\/pages\/545\/revisions\/881"}],"wp:attachment":[{"href":"https:\/\/www.agroforestalrios.com\/en\/wp-json\/wp\/v2\/media?parent=545"}],"curies":[{"name":"wp","href":"https:\/\/api.w.org\/{rel}","templated":true}]}}