{"id":3,"date":"2023-04-20T19:15:12","date_gmt":"2023-04-20T19:15:12","guid":{"rendered":"https:\/\/agroforestalrios.com\/?page_id=3"},"modified":"2024-01-12T12:19:47","modified_gmt":"2024-01-12T12:19:47","slug":"politica-de-privacidad","status":"publish","type":"page","link":"https:\/\/www.agroforestalrios.com\/en\/politica-de-privacidad\/","title":{"rendered":"Pol\u00edtica de Privacidad"},"content":{"rendered":"<div class=\"gb-container gb-container-9d26b441\">\n\n<h1 class=\"wp-block-heading\">Pol\u00edtica de Privacidad<\/h1>\n\n\n\n<p>La privacidad en internet es uno de los aspectos que m\u00e1s controversia e incertidumbre generan en los usuarios. En Agroforestal R\u00edos estamos comprometidos con la privacidad, por ello queremos informarte qu\u00e9 datos tomamos, por qu\u00e9 lo hacemos y c\u00f3mo los protegemos.<\/p>\n\n\n\n<h2 class=\"wp-block-heading\">Qui\u00e9n est\u00e1 detr\u00e1s de Agroforestal R\u00edos<\/h2>\n\n\n\n<p><strong>Detr\u00e1s de Agroforestal R\u00edos esta Eloy R\u00edos<\/strong>, puedes conocernos un poco m\u00e1s de nuestra <a href=\"https:\/\/www.agroforestalrios.com\/en\/sobre-nosotros\/\">empresa aqu\u00ed<\/a>.<\/p>\n\n\n\n<h3 class=\"wp-block-heading\">Propiedad intelectual e industria<\/h3>\n\n\n\n<p>La direcci\u00f3n de nuestra web es: https:\/\/www.agroforestalrios.com\/ y&nbsp;<strong>todo el contenido que vas a encontrar, textos e im\u00e1genes es original se encuentra protegida por Copyright<\/strong>, por lo que no est\u00e1 permitido su uso sin consentimiento expreso y queda terminantemente prohibida utilizaci\u00f3n de los mismos para usos comerciales fuera de esta web.<\/p>\n\n\n\n<h3 class=\"wp-block-heading\">Responsable del tratamiento de tus datos<\/h3>\n\n\n\n<p>Nombre de dominio: www.agroforestalrios.com<br>Nombre comercial: Agroforestal R\u00edos<br>Denominaci\u00f3n social: Eloy R\u00edos Moliner<br>Tel\u00e9fono: 607 56 82 56<br>E-mail: agroforestalrios@gmail.com<\/p>\n\n\n\n<p>Los datos personales que nos env\u00edes a trav\u00e9s de los formularios de la web, recibir\u00e1n el tratamiento de&nbsp;<strong>datos de \u201cUsuarios de la web y suscriptores\u201d<\/strong>&nbsp;tal y c\u00f3mo se recoge en la LGPD.<\/p>\n\n\n\n<h2 class=\"wp-block-heading\">Qu\u00e9 datos personales recogemos y por qu\u00e9 los recogemos<\/h2>\n\n\n\n<p><strong>\u00danicamente vamos a recoger y solicitarte los datos necesarios para poder establecer una comunicaci\u00f3n<\/strong>\u00a0que permita solucionar dudas e interactuar dentro del tema que trata esta p\u00e1gina web.<\/p>\n\n\n\n<p>Los datos van a se \u00fanicamente un nombre de usuario y un email, nada m\u00e1s y&nbsp;<strong>siempre ser\u00e1 necesario que valides tu consentimiento antes de facilitarnos esos datos<\/strong>, aceptando nuestra pol\u00edtica de privacidad y aviso legal.<\/p>\n\n\n\n<p>Adem\u00e1s, una vez que esos datos est\u00e9n en nuestras manos,&nbsp;<strong>los trataremos con el m\u00e1ximo cuidado y poniendo todas las medidas de seguridad a nuestro alcance.<\/strong><\/p>\n\n\n\n<p><strong>Como usuario, eres el \u00fanico responsable de la veracidad y correcci\u00f3n de los datos facilitados.<\/strong>&nbsp;Las formas que tenemos de obtener esos datos en nuestro blog son dos:<\/p>\n\n\n\n<h3 class=\"wp-block-heading\">Con qui\u00e9n compartimos tus datos<\/h3>\n\n\n\n<p>Tus datos identificativos&nbsp;<strong>no ser\u00e1n cedidos a terceros salvo imperativo legal.<\/strong><\/p>\n\n\n\n<h3 class=\"wp-block-heading\">Cu\u00e1nto tiempo conservamos tus datos<\/h3>\n\n\n\n<p>Si dejas un comentario,&nbsp;<strong>el comentario y sus metadatos se conservan indefinidamente.&nbsp;<\/strong>Esto es para que podamos reconocer y aprobar comentarios sucesivos autom\u00e1ticamente en lugar de mantenerlos en una cola de moderaci\u00f3n.<\/p>\n\n\n\n<h3 class=\"wp-block-heading\">\u00bfCu\u00e1les son tus derechos?<\/h3>\n\n\n\n<p>En relaci\u00f3n con tus datos personales tienes derecho a:<\/p>\n\n\n\n<ul class=\"wp-block-list\">\n<li>Acceder a los mismos.<\/li>\n\n\n\n<li>Solicitar su rectificaci\u00f3n o supresi\u00f3n.<\/li>\n\n\n\n<li>Solicitar la limitaci\u00f3n de su tratamiento.<\/li>\n\n\n\n<li>Oponerte a su tratamiento.<\/li>\n\n\n\n<li>Solicitar la portabilidad de los datos<\/li>\n<\/ul>\n\n\n\n<p><strong>Podr\u00e1s ejercer tales derechos enviando un correo electr\u00f3nico a agroforestalriosweb@gmail.com<\/strong><\/p>\n\n\n\n<h3 class=\"wp-block-heading\">C\u00f3mo protegemos tus datos<\/h3>\n\n\n\n<p><strong>Tus datos estar\u00e1n alojados en el servidor de&nbsp;<a href=\"https:\/\/raiolanetworks.es\/\" target=\"_blank\" rel=\"noopener\">Raiola Networks&nbsp;<\/a>marca de la empresa Raiola Networks SL.<\/strong>&nbsp;Los datos estar\u00e1n cifrados y&nbsp;<strong>hemos incorporado los factores de seguridad necesarios para evitar que una persona ajena pueda acceder a ellos<\/strong>, esto es, la utilizaci\u00f3n de contrase\u00f1as seguras y factor de doble autenticaci\u00f3n tanto en el servidor como en el CMS.<\/p>\n\n\n\n<h3 class=\"wp-block-heading\">Contenido incrustado de otros sitios web<\/h3>\n\n\n\n<p>Los art\u00edculos de este sitio pueden incluir contenido incrustado (por ejemplo, v\u00eddeos, im\u00e1genes, art\u00edculos, etc.). El contenido incrustado de otras web se comporta exactamente de la misma manera que si el visitante hubiera visitado la otra web.<\/p>\n\n\n\n<p>Estas web pueden recopilar datos sobre ti, utilizar cookies, incrustar un seguimiento adicional de terceros, y supervisar tu interacci\u00f3n con ese contenido incrustado, incluido el seguimiento de tu interacci\u00f3n con el contenido incrustado si tienes una cuenta y est\u00e1s conectado a esa web.<\/p>\n\n<\/div>","protected":false},"excerpt":{"rendered":"<p>Pol\u00edtica de Privacidad La privacidad en internet es uno de los aspectos que m\u00e1s controversia e incertidumbre generan en los usuarios. En Agroforestal R\u00edos estamos comprometidos con la privacidad, por ello queremos informarte qu\u00e9 datos tomamos, por qu\u00e9 lo hacemos y c\u00f3mo los protegemos. Qui\u00e9n est\u00e1 detr\u00e1s de Agroforestal R\u00edos Detr\u00e1s de Agroforestal R\u00edos esta &#8230; <a title=\"Pol\u00edtica de Privacidad\" class=\"read-more\" href=\"https:\/\/www.agroforestalrios.com\/en\/politica-de-privacidad\/\" aria-label=\"Read more about Pol\u00edtica de Privacidad\">Read more<\/a><\/p>","protected":false},"author":1,"featured_media":0,"parent":0,"menu_order":0,"comment_status":"closed","ping_status":"open","template":"","meta":{"_joinchat":[],"footnotes":""},"class_list":["post-3","page","type-page","status-publish"],"_links":{"self":[{"href":"https:\/\/www.agroforestalrios.com\/en\/wp-json\/wp\/v2\/pages\/3","targetHints":{"allow":["GET"]}}],"collection":[{"href":"https:\/\/www.agroforestalrios.com\/en\/wp-json\/wp\/v2\/pages"}],"about":[{"href":"https:\/\/www.agroforestalrios.com\/en\/wp-json\/wp\/v2\/types\/page"}],"author":[{"embeddable":true,"href":"https:\/\/www.agroforestalrios.com\/en\/wp-json\/wp\/v2\/users\/1"}],"replies":[{"embeddable":true,"href":"https:\/\/www.agroforestalrios.com\/en\/wp-json\/wp\/v2\/comments?post=3"}],"version-history":[{"count":8,"href":"https:\/\/www.agroforestalrios.com\/en\/wp-json\/wp\/v2\/pages\/3\/revisions"}],"predecessor-version":[{"id":912,"href":"https:\/\/www.agroforestalrios.com\/en\/wp-json\/wp\/v2\/pages\/3\/revisions\/912"}],"wp:attachment":[{"href":"https:\/\/www.agroforestalrios.com\/en\/wp-json\/wp\/v2\/media?parent=3"}],"curies":[{"name":"wp","href":"https:\/\/api.w.org\/{rel}","templated":true}]}}