{"id":21,"date":"2023-04-20T18:03:56","date_gmt":"2023-04-20T18:03:56","guid":{"rendered":"https:\/\/agroforestalrios.com\/?page_id=21"},"modified":"2025-12-16T10:52:30","modified_gmt":"2025-12-16T10:52:30","slug":"sobre-nosotros","status":"publish","type":"page","link":"https:\/\/www.agroforestalrios.com\/en\/sobre-nosotros\/","title":{"rendered":"Sobre nosotros"},"content":{"rendered":"<div class=\"gb-container gb-container-53ff3c59\">\n<div class=\"gb-container gb-container-a0da423f\">\n\n<p class=\"gb-headline gb-headline-1e75eccf gb-headline-text\">AGROFORESTAL R\u00edOS<\/p>\n\n\n\n<h1 class=\"gb-headline gb-headline-ebad4560 gb-headline-text\"><strong><strong>NUESTRA EMPRESA<\/strong><\/strong><\/h1>\n\n<\/div>\n<div class=\"gb-shapes\"><div class=\"gb-shape gb-shape-1\"><svg xmlns=\"http:\/\/www.w3.org\/2000\/svg\" viewbox=\"0 0 1200 131\" preserveaspectratio=\"none\"><path d=\"M1200 0L899 110 687 6 410 75 154.8 20 0 70v61h1200z\"\/><\/svg><\/div><\/div><\/div>\n\n<div class=\"gb-container gb-container-f9e09b68\">\n\n<p class=\"has-medium-font-size\">Agroforestal R\u00edos cuanta con m\u00e1s de<strong> 25 a\u00f1os de experiencia en el sector de la compra-venta de le\u00f1a.<\/strong> Esto nos permite conocer las necesidades de nuestros clientes y ofrecer el servicio y el producto de calidad que necesitan.<\/p>\n\n\n\n<p class=\"has-medium-font-size\">Para ello contamos con Licencia de actividades de almacenamiento y compra-venta:&nbsp;<strong>VIHU210403<\/strong> y garantizamos que la le\u00f1a que vendemos y compramos cumple con la normativa vigente.<\/p>\n\n\n\n<p class=\"has-text-align-center has-medium-font-size\">Desde nuestras instalaciones en Laluenga (Huesca), tenemos la capacidad de <strong>distribuir le\u00f1a a toda la pen\u00ednsula.<\/strong><\/p>\n\n<\/div>\n\n<div class=\"gb-container gb-container-a1c4fc6c\">\n\n<h2 class=\"wp-block-heading has-text-align-center\">Conoce nuestras instalaciones en Laluenga<\/h2>\n\n\n\n<div style=\"height:30px\" aria-hidden=\"true\" class=\"wp-block-spacer\"><\/div>\n\n\n\n<iframe class=\"lazyload\" width=\"720\" height=\"450\" data-src=\"https:\/\/www.youtube.com\/embed\/4IQIQAqLZcw\" title=\"YouTube video player\" frameborder=\"0\" allow=\"accelerometer; autoplay; clipboard-write; encrypted-media; gyroscope; picture-in-picture; web-share\" allowfullscreen><\/iframe>\n\n<\/div>\n\n<div class=\"gb-container gb-container-ddaf7ad7\">\n<div class=\"gb-grid-wrapper gb-grid-wrapper-07e1089f\">\n<div class=\"gb-grid-column gb-grid-column-dd7ad04b\"><div class=\"gb-container gb-container-dd7ad04b\">\n\n<figure class=\"wp-block-image size-full img-precio-lena\"><img decoding=\"async\" src=\"data:image\/gif;base64,R0lGODlhAQABAIAAAAAAAP\/\/\/yH5BAEAAAAALAAAAAABAAEAAAIBRAA7\" data-src=\"https:\/\/www.agroforestalrios.com\/wp-content\/uploads\/2023\/05\/venta-de-lena-en-huesca.webp\" alt=\"tipos de le\u00f1a\" class=\"wp-image-495 lazyload\"\/><noscript><img decoding=\"async\" width=\"800\" height=\"533\" src=\"https:\/\/www.agroforestalrios.com\/wp-content\/uploads\/2023\/05\/venta-de-lena-en-huesca.webp\" alt=\"tipos de le\u00f1a\" class=\"wp-image-495 lazyload\" srcset=\"https:\/\/www.agroforestalrios.com\/wp-content\/uploads\/2023\/05\/venta-de-lena-en-huesca.webp 800w, https:\/\/www.agroforestalrios.com\/wp-content\/uploads\/2023\/05\/venta-de-lena-en-huesca-300x200.webp 300w, https:\/\/www.agroforestalrios.com\/wp-content\/uploads\/2023\/05\/venta-de-lena-en-huesca-768x512.webp 768w\" sizes=\"(max-width: 800px) 100vw, 800px\" \/><\/noscript><\/figure>\n\n<\/div><\/div>\n\n<div class=\"gb-grid-column gb-grid-column-7cf17864\"><div class=\"gb-container gb-container-7cf17864\">\n\n<figure class=\"wp-block-image size-full img-precio-lena\"><img decoding=\"async\" src=\"data:image\/gif;base64,R0lGODlhAQABAIAAAAAAAP\/\/\/yH5BAEAAAAALAAAAAABAAEAAAIBRAA7\" data-src=\"https:\/\/www.agroforestalrios.com\/wp-content\/uploads\/2023\/05\/venta-de-lena-en-barbastro.webp\" alt=\"tipos de le\u00f1a\" class=\"wp-image-488 lazyload\"\/><noscript><img decoding=\"async\" width=\"800\" height=\"533\" src=\"https:\/\/www.agroforestalrios.com\/wp-content\/uploads\/2023\/05\/venta-de-lena-en-barbastro.webp\" alt=\"tipos de le\u00f1a\" class=\"wp-image-488 lazyload\" srcset=\"https:\/\/www.agroforestalrios.com\/wp-content\/uploads\/2023\/05\/venta-de-lena-en-barbastro.webp 800w, https:\/\/www.agroforestalrios.com\/wp-content\/uploads\/2023\/05\/venta-de-lena-en-barbastro-300x200.webp 300w, https:\/\/www.agroforestalrios.com\/wp-content\/uploads\/2023\/05\/venta-de-lena-en-barbastro-768x512.webp 768w\" sizes=\"(max-width: 800px) 100vw, 800px\" \/><\/noscript><\/figure>\n\n<\/div><\/div>\n\n<div class=\"gb-grid-column gb-grid-column-a03f8095\"><div class=\"gb-container gb-container-a03f8095\">\n\n<figure class=\"wp-block-image size-full img-precio-lena\"><img decoding=\"async\" src=\"data:image\/gif;base64,R0lGODlhAQABAIAAAAAAAP\/\/\/yH5BAEAAAAALAAAAAABAAEAAAIBRAA7\" data-src=\"https:\/\/www.agroforestalrios.com\/wp-content\/uploads\/2023\/05\/venta-de-lena-en-zaragoza.webp\" alt=\"tipos de le\u00f1a\" class=\"wp-image-491 lazyload\"\/><noscript><img decoding=\"async\" width=\"800\" height=\"533\" src=\"https:\/\/www.agroforestalrios.com\/wp-content\/uploads\/2023\/05\/venta-de-lena-en-zaragoza.webp\" alt=\"tipos de le\u00f1a\" class=\"wp-image-491 lazyload\" srcset=\"https:\/\/www.agroforestalrios.com\/wp-content\/uploads\/2023\/05\/venta-de-lena-en-zaragoza.webp 800w, https:\/\/www.agroforestalrios.com\/wp-content\/uploads\/2023\/05\/venta-de-lena-en-zaragoza-300x200.webp 300w, https:\/\/www.agroforestalrios.com\/wp-content\/uploads\/2023\/05\/venta-de-lena-en-zaragoza-768x512.webp 768w\" sizes=\"(max-width: 800px) 100vw, 800px\" \/><\/noscript><\/figure>\n\n<\/div><\/div>\n\n<div class=\"gb-grid-column gb-grid-column-068bef4b\"><div class=\"gb-container gb-container-068bef4b\">\n\n<figure class=\"wp-block-image size-full img-precio-lena\"><img decoding=\"async\" src=\"data:image\/gif;base64,R0lGODlhAQABAIAAAAAAAP\/\/\/yH5BAEAAAAALAAAAAABAAEAAAIBRAA7\" data-src=\"https:\/\/www.agroforestalrios.com\/wp-content\/uploads\/2023\/05\/servicios-agroforestales.webp\" alt=\"maquinaria\" class=\"wp-image-396 lazyload\"\/><noscript><img decoding=\"async\" width=\"800\" height=\"533\" src=\"https:\/\/www.agroforestalrios.com\/wp-content\/uploads\/2023\/05\/servicios-agroforestales.webp\" alt=\"maquinaria\" class=\"wp-image-396 lazyload\" srcset=\"https:\/\/www.agroforestalrios.com\/wp-content\/uploads\/2023\/05\/servicios-agroforestales.webp 800w, https:\/\/www.agroforestalrios.com\/wp-content\/uploads\/2023\/05\/servicios-agroforestales-300x200.webp 300w, https:\/\/www.agroforestalrios.com\/wp-content\/uploads\/2023\/05\/servicios-agroforestales-768x512.webp 768w\" sizes=\"(max-width: 800px) 100vw, 800px\" \/><\/noscript><\/figure>\n\n<\/div><\/div>\n\n<div class=\"gb-grid-column gb-grid-column-a951b91c\"><div class=\"gb-container gb-container-a951b91c\">\n\n<figure class=\"wp-block-image size-full img-precio-lena\"><img decoding=\"async\" src=\"data:image\/gif;base64,R0lGODlhAQABAIAAAAAAAP\/\/\/yH5BAEAAAAALAAAAAABAAEAAAIBRAA7\" data-src=\"https:\/\/www.agroforestalrios.com\/wp-content\/uploads\/2023\/05\/servicio-retroexcavadoras.webp\" alt=\"maquinaria\" class=\"wp-image-754 lazyload\"\/><noscript><img decoding=\"async\" width=\"800\" height=\"533\" src=\"https:\/\/www.agroforestalrios.com\/wp-content\/uploads\/2023\/05\/servicio-retroexcavadoras.webp\" alt=\"maquinaria\" class=\"wp-image-754 lazyload\" srcset=\"https:\/\/www.agroforestalrios.com\/wp-content\/uploads\/2023\/05\/servicio-retroexcavadoras.webp 800w, https:\/\/www.agroforestalrios.com\/wp-content\/uploads\/2023\/05\/servicio-retroexcavadoras-300x200.webp 300w, https:\/\/www.agroforestalrios.com\/wp-content\/uploads\/2023\/05\/servicio-retroexcavadoras-768x512.webp 768w\" sizes=\"(max-width: 800px) 100vw, 800px\" \/><\/noscript><\/figure>\n\n<\/div><\/div>\n\n<div class=\"gb-grid-column gb-grid-column-2a9f39f3\"><div class=\"gb-container gb-container-2a9f39f3\">\n\n<figure class=\"wp-block-image size-full img-precio-lena\"><img decoding=\"async\" src=\"data:image\/gif;base64,R0lGODlhAQABAIAAAAAAAP\/\/\/yH5BAEAAAAALAAAAAABAAEAAAIBRAA7\" data-src=\"https:\/\/www.agroforestalrios.com\/wp-content\/uploads\/2023\/05\/venta-olivos-centenarios.webp\" alt=\"venta de olivos\" class=\"wp-image-756 lazyload\"\/><noscript><img decoding=\"async\" width=\"800\" height=\"533\" src=\"https:\/\/www.agroforestalrios.com\/wp-content\/uploads\/2023\/05\/venta-olivos-centenarios.webp\" alt=\"venta de olivos\" class=\"wp-image-756 lazyload\" srcset=\"https:\/\/www.agroforestalrios.com\/wp-content\/uploads\/2023\/05\/venta-olivos-centenarios.webp 800w, https:\/\/www.agroforestalrios.com\/wp-content\/uploads\/2023\/05\/venta-olivos-centenarios-300x200.webp 300w, https:\/\/www.agroforestalrios.com\/wp-content\/uploads\/2023\/05\/venta-olivos-centenarios-768x512.webp 768w\" sizes=\"(max-width: 800px) 100vw, 800px\" \/><\/noscript><\/figure>\n\n<\/div><\/div>\n<\/div>\n<\/div>\n\n<div class=\"gb-container gb-container-5e0db640\">\n\n<h2 class=\"wp-block-heading has-text-align-center has-contrast-color has-text-color has-link-color wp-elements-3afa36fe82d0358557b75d256485909e\">Apariciones en medios:<\/h2>\n\n\n\n<div style=\"height:30px\" aria-hidden=\"true\" class=\"wp-block-spacer\"><\/div>\n\n\n<div class=\"gb-container gb-container-8bf1506c\">\n<div class=\"gb-grid-wrapper gb-grid-wrapper-f14549e0\">\n<div class=\"gb-grid-column gb-grid-column-55893711\"><div class=\"gb-container gb-container-55893711\">\n<div class=\"wp-block-image\">\n<figure class=\"aligncenter size-medium\"><a href=\"https:\/\/www.youtube.com\/watch?v=9TAfCUR0JWI\" target=\"_blank\" rel=\"noreferrer noopener\"><img decoding=\"async\" src=\"data:image\/gif;base64,R0lGODlhAQABAIAAAAAAAP\/\/\/yH5BAEAAAAALAAAAAABAAEAAAIBRAA7\" data-src=\"https:\/\/www.agroforestalrios.com\/wp-content\/uploads\/2024\/02\/aragon-television-1-300x115.jpg\" alt=\"aragon tv\" class=\"wp-image-932 lazyload\"\/><noscript><img decoding=\"async\" width=\"300\" height=\"115\" src=\"https:\/\/www.agroforestalrios.com\/wp-content\/uploads\/2024\/02\/aragon-television-1-300x115.jpg\" alt=\"aragon tv\" class=\"wp-image-932 lazyload\" srcset=\"https:\/\/www.agroforestalrios.com\/wp-content\/uploads\/2024\/02\/aragon-television-1-300x115.jpg 300w, https:\/\/www.agroforestalrios.com\/wp-content\/uploads\/2024\/02\/aragon-television-1.jpg 650w\" sizes=\"(max-width: 300px) 100vw, 300px\" \/><\/noscript><\/a><\/figure>\n<\/div>\n<\/div><\/div>\n<\/div>\n<\/div>\n<\/div>\n\n<div class=\"gb-container gb-container-c94de1ac\">\n<div class=\"gb-container gb-container-68d8c959\">\n\n<div style=\"height:20px\" aria-hidden=\"true\" class=\"wp-block-spacer\"><\/div>\n\n\n\n<h2 class=\"wp-block-heading has-text-align-center has-contrast-color has-text-color\">\u00bfQuieres comprar le\u00f1a? Contacta con nosotros:<\/h2>\n\n\n\n<div style=\"height:10px\" aria-hidden=\"true\" class=\"wp-block-spacer\"><\/div>\n\n\n<div class=\"gb-grid-wrapper gb-grid-wrapper-1c373d5a\">\n<div class=\"gb-grid-column gb-grid-column-b7b4f620\"><div class=\"gb-container gb-container-b7b4f620\">\n\n<span class=\"gb-button gb-button-bccd89e3\"><span class=\"gb-icon\"><svg aria-hidden=\"true\" role=\"img\" height=\"1em\" width=\"1em\" viewbox=\"0 0 384 512\" xmlns=\"http:\/\/www.w3.org\/2000\/svg\"><path fill=\"currentColor\" d=\"M172.268 501.67C26.97 291.031 0 269.413 0 192 0 85.961 85.961 0 192 0s192 85.961 192 192c0 77.413-26.97 99.031-172.268 309.67-9.535 13.774-29.93 13.773-39.464 0zM192 272c44.183 0 80-35.817 80-80s-35.817-80-80-80-80 35.817-80 80 35.817 80 80 80z\"><\/path><\/svg><\/span><span class=\"gb-button-text\">Camino de Ponzano n\u00ba2<br>Laluenga (Huesca)<\/span><\/span>\n\n<\/div><\/div>\n\n<div class=\"gb-grid-column gb-grid-column-461f81be\"><div class=\"gb-container gb-container-461f81be\">\n\n<span class=\"gb-button gb-button-85067755\"><span class=\"gb-icon\"><svg aria-hidden=\"true\" role=\"img\" height=\"1em\" width=\"1em\" viewbox=\"0 0 512 512\" xmlns=\"http:\/\/www.w3.org\/2000\/svg\"><path fill=\"currentColor\" d=\"M493.4 24.6l-104-24c-11.3-2.6-22.9 3.3-27.5 13.9l-48 112c-4.2 9.8-1.4 21.3 6.9 28l60.6 49.6c-36 76.7-98.9 140.5-177.2 177.2l-49.6-60.6c-6.8-8.3-18.2-11.1-28-6.9l-112 48C3.9 366.5-2 378.1.6 389.4l24 104C27.1 504.2 36.7 512 48 512c256.1 0 464-207.5 464-464 0-11.2-7.7-20.9-18.6-23.4z\"><\/path><\/svg><\/span><span class=\"gb-button-text\">+34 607 56 82 56<\/span><\/span>\n\n<\/div><\/div>\n\n<div class=\"gb-grid-column gb-grid-column-0701be4b\"><div class=\"gb-container gb-container-0701be4b\">\n\n<a class=\"gb-button gb-button-5e2f2ee8\" href=\"mailto:eloyriosmoliner@yahoo.es\"><span class=\"gb-icon\"><svg aria-hidden=\"true\" role=\"img\" height=\"1em\" width=\"1em\" viewbox=\"0 0 512 512\" xmlns=\"http:\/\/www.w3.org\/2000\/svg\"><path fill=\"currentColor\" d=\"M464 64H48C21.49 64 0 85.49 0 112v288c0 26.51 21.49 48 48 48h416c26.51 0 48-21.49 48-48V112c0-26.51-21.49-48-48-48zm0 48v40.805c-22.422 18.259-58.168 46.651-134.587 106.49-16.841 13.247-50.201 45.072-73.413 44.701-23.208.375-56.579-31.459-73.413-44.701C106.18 199.465 70.425 171.067 48 152.805V112h416zM48 400V214.398c22.914 18.251 55.409 43.862 104.938 82.646 21.857 17.205 60.134 55.186 103.062 54.955 42.717.231 80.509-37.199 103.053-54.947 49.528-38.783 82.032-64.401 104.947-82.653V400H48z\"><\/path><\/svg><\/span><span class=\"gb-button-text\">Enviar email<\/span><\/a>\n\n<\/div><\/div>\n<\/div>\n\n\n<div style=\"height:20px\" aria-hidden=\"true\" class=\"wp-block-spacer\"><\/div>\n\n<\/div>\n<\/div>","protected":false},"excerpt":{"rendered":"<p>AGROFORESTAL R\u00edOS NUESTRA EMPRESA Agroforestal R\u00edos cuanta con m\u00e1s de 25 a\u00f1os de experiencia en el sector de la compra-venta de le\u00f1a. Esto nos permite conocer las necesidades de nuestros clientes y ofrecer el servicio y el producto de calidad que necesitan. Para ello contamos con Licencia de actividades de almacenamiento y compra-venta:&nbsp;VIHU210403 y garantizamos &#8230; <a title=\"Sobre nosotros\" class=\"read-more\" href=\"https:\/\/www.agroforestalrios.com\/en\/sobre-nosotros\/\" aria-label=\"Read more about Sobre nosotros\">Read more<\/a><\/p>","protected":false},"author":1,"featured_media":0,"parent":0,"menu_order":0,"comment_status":"closed","ping_status":"closed","template":"","meta":{"_joinchat":[],"footnotes":""},"class_list":["post-21","page","type-page","status-publish"],"_links":{"self":[{"href":"https:\/\/www.agroforestalrios.com\/en\/wp-json\/wp\/v2\/pages\/21","targetHints":{"allow":["GET"]}}],"collection":[{"href":"https:\/\/www.agroforestalrios.com\/en\/wp-json\/wp\/v2\/pages"}],"about":[{"href":"https:\/\/www.agroforestalrios.com\/en\/wp-json\/wp\/v2\/types\/page"}],"author":[{"embeddable":true,"href":"https:\/\/www.agroforestalrios.com\/en\/wp-json\/wp\/v2\/users\/1"}],"replies":[{"embeddable":true,"href":"https:\/\/www.agroforestalrios.com\/en\/wp-json\/wp\/v2\/comments?post=21"}],"version-history":[{"count":17,"href":"https:\/\/www.agroforestalrios.com\/en\/wp-json\/wp\/v2\/pages\/21\/revisions"}],"predecessor-version":[{"id":978,"href":"https:\/\/www.agroforestalrios.com\/en\/wp-json\/wp\/v2\/pages\/21\/revisions\/978"}],"wp:attachment":[{"href":"https:\/\/www.agroforestalrios.com\/en\/wp-json\/wp\/v2\/media?parent=21"}],"curies":[{"name":"wp","href":"https:\/\/api.w.org\/{rel}","templated":true}]}}