{"id":177,"date":"2023-04-22T17:10:48","date_gmt":"2023-04-22T17:10:48","guid":{"rendered":"https:\/\/agroforestalrios.com\/?page_id=177"},"modified":"2025-01-28T18:14:57","modified_gmt":"2025-01-28T18:14:57","slug":"venta-de-lena-en-barbastro","status":"publish","type":"page","link":"https:\/\/www.agroforestalrios.com\/en\/venta-de-lena-en-barbastro\/","title":{"rendered":"Venta de le\u00f1a en Barbastro"},"content":{"rendered":"<div class=\"gb-container gb-container-53ff3c59\">\n<div class=\"gb-container gb-container-a0da423f\">\n\n<p class=\"gb-headline gb-headline-1e75eccf gb-headline-text\">Compra-venta de Le\u00f1a<\/p>\n\n\n\n<h1 class=\"gb-headline gb-headline-ebad4560 gb-headline-text\"><strong><strong>VENTA DE LE\u00d1A EN BARBASTRO<\/strong><\/strong><\/h1>\n\n<\/div>\n<div class=\"gb-shapes\"><div class=\"gb-shape gb-shape-1\"><svg xmlns=\"http:\/\/www.w3.org\/2000\/svg\" viewbox=\"0 0 1200 131\" preserveaspectratio=\"none\"><path d=\"M1200 0L899 110 687 6 410 75 154.8 20 0 70v61h1200z\"\/><\/svg><\/div><\/div><\/div>\n\n<div class=\"gb-container gb-container-6ad7b5c5\">\n<div class=\"gb-container gb-container-b4614f77\">\n\n<div style=\"height:100px\" aria-hidden=\"true\" class=\"wp-block-spacer\"><\/div>\n\n\n<div class=\"gb-grid-wrapper gb-grid-wrapper-a602589b\">\n<div class=\"gb-grid-column gb-grid-column-d7e2fc18\"><div class=\"gb-container gb-container-d7e2fc18\">\n\n<div style=\"height:25px\" aria-hidden=\"true\" class=\"wp-block-spacer\"><\/div>\n\n\n\n<p class=\"has-medium-font-size\">Si estas buscando le\u00f1a en Barbastro y alrededores, no dudes en contactar con nosotros.<\/p>\n\n\n\n<p class=\"has-medium-font-size\">Nuestras le\u00f1as son&nbsp;<strong>perfectas para particulares<\/strong>&nbsp;que la necesiten para hogariles, estufas y calderas;&nbsp;<strong>para negocios<\/strong>&nbsp;como asadores y pizzerias que cuenten con hornos de le\u00f1a y&nbsp;<strong>para&nbsp;distribuidores<\/strong>.<\/p>\n\n\n\n<p class=\"has-medium-font-size\">Tambi\u00e9n trabajamos con le\u00f1as m\u00e1s grandes ideales para hacer hogueras para&nbsp;ayuntamientos con precios m\u00e1s accesibles.<\/p>\n\n\n\n<p class=\"has-medium-font-size\"><strong>Contamos con licencia de actividades de almacenamiento y compra-venta.<\/strong><\/p>\n\n<\/div><\/div>\n\n<div class=\"gb-grid-column gb-grid-column-b7ba317d\"><div class=\"gb-container gb-container-b7ba317d\">\n\n<div style=\"height:10px\" aria-hidden=\"true\" class=\"wp-block-spacer\"><\/div>\n\n\n\n<figure class=\"wp-block-image size-full img-precio-lena\"><img decoding=\"async\" src=\"data:image\/gif;base64,R0lGODlhAQABAIAAAAAAAP\/\/\/yH5BAEAAAAALAAAAAABAAEAAAIBRAA7\" data-src=\"https:\/\/agroforestalrios.com\/wp-content\/uploads\/2023\/05\/venta-de-lena-en-barbastro.webp\" alt=\"venta de le\u00f1a en Barbastro\" class=\"wp-image-488 lazyload\"\/><noscript><img decoding=\"async\" width=\"800\" height=\"533\" src=\"https:\/\/agroforestalrios.com\/wp-content\/uploads\/2023\/05\/venta-de-lena-en-barbastro.webp\" alt=\"venta de le\u00f1a en Barbastro\" class=\"wp-image-488 lazyload\" srcset=\"https:\/\/www.agroforestalrios.com\/wp-content\/uploads\/2023\/05\/venta-de-lena-en-barbastro.webp 800w, https:\/\/www.agroforestalrios.com\/wp-content\/uploads\/2023\/05\/venta-de-lena-en-barbastro-300x200.webp 300w, https:\/\/www.agroforestalrios.com\/wp-content\/uploads\/2023\/05\/venta-de-lena-en-barbastro-768x512.webp 768w\" sizes=\"(max-width: 800px) 100vw, 800px\" \/><\/noscript><\/figure>\n\n<\/div><\/div>\n<\/div>\n\n\n<div style=\"height:100px\" aria-hidden=\"true\" class=\"wp-block-spacer\"><\/div>\n\n<\/div>\n<\/div>\n\n<div class=\"gb-container gb-container-396f31f2\">\n<div class=\"gb-container gb-container-d80b7a35\">\n\n<div style=\"height:40px\" aria-hidden=\"true\" class=\"wp-block-spacer\"><\/div>\n\n\n\n<h2 class=\"wp-block-heading has-text-align-center has-base-3-color has-text-color\"><strong>\u00bfQu\u00e9 tipos de le\u00f1a vendemos en Barbastro?<\/strong><\/h2>\n\n\n\n<div style=\"height:20px\" aria-hidden=\"true\" class=\"wp-block-spacer\"><\/div>\n\n\n<div class=\"gb-grid-wrapper gb-grid-wrapper-337b8ead\">\n<div class=\"gb-grid-column gb-grid-column-98feaba1\"><div class=\"gb-container gb-container-98feaba1\">\n\n<figure class=\"wp-block-image size-large img-tipo-de-lena\"><img decoding=\"async\" src=\"data:image\/gif;base64,R0lGODlhAQABAIAAAAAAAP\/\/\/yH5BAEAAAAALAAAAAABAAEAAAIBRAA7\" data-src=\"https:\/\/agroforestalrios.com\/wp-content\/uploads\/2023\/05\/lena-de-almendro-1024x683.webp\" alt=\"le\u00f1a de almendro\" class=\"wp-image-232 lazyload\"\/><noscript><img decoding=\"async\" width=\"1024\" height=\"683\" src=\"https:\/\/agroforestalrios.com\/wp-content\/uploads\/2023\/05\/lena-de-almendro-1024x683.webp\" alt=\"le\u00f1a de almendro\" class=\"wp-image-232 lazyload\" srcset=\"https:\/\/www.agroforestalrios.com\/wp-content\/uploads\/2023\/05\/lena-de-almendro-1024x683.webp 1024w, https:\/\/www.agroforestalrios.com\/wp-content\/uploads\/2023\/05\/lena-de-almendro-300x200.webp 300w, https:\/\/www.agroforestalrios.com\/wp-content\/uploads\/2023\/05\/lena-de-almendro-768x512.webp 768w, https:\/\/www.agroforestalrios.com\/wp-content\/uploads\/2023\/05\/lena-de-almendro-1536x1024.webp 1536w, https:\/\/www.agroforestalrios.com\/wp-content\/uploads\/2023\/05\/lena-de-almendro-2048x1365.webp 2048w\" sizes=\"(max-width: 1024px) 100vw, 1024px\" \/><\/noscript><\/figure>\n\n\n<div class=\"gb-container gb-container-2038998c\">\n\n<h3 class=\"gb-headline gb-headline-568e9d87 gb-headline-text\">Le\u00f1a de Almendro<\/h3>\n\n\n\n<p class=\"has-text-align-center\">Alto poder calor\u00edfico. Perfecto equilibrio de&nbsp;llama y brasa.<\/p>\n\n\n\n<div class=\"wp-block-buttons is-content-justification-center is-layout-flex wp-container-core-buttons-is-layout-16018d1d wp-block-buttons-is-layout-flex\">\n<div class=\"wp-block-button\"><a class=\"wp-block-button__link has-background has-text-align-center wp-element-button\" style=\"border-radius:10px;background-color:#a7b8ae\"><strong>0,15\u20ac \/ kg<\/strong><\/a><\/div>\n\n\n\n<div class=\"wp-block-button\"><a class=\"wp-block-button__link has-text-color has-background wp-element-button\" href=\"https:\/\/www.agroforestalrios.com\/en\/lena-de-almendro\/\" style=\"border-radius:10px;color:#a7b8ae;background-color:#a7b8ae00\"><strong>ver m\u00e1s<\/strong><\/a><\/div>\n<\/div>\n\n\n\n<div style=\"height:5px\" aria-hidden=\"true\" class=\"wp-block-spacer\"><\/div>\n\n<\/div>\n<\/div><\/div>\n\n<div class=\"gb-grid-column gb-grid-column-28356809\"><div class=\"gb-container gb-container-28356809\">\n\n<figure class=\"wp-block-image size-full img-tipo-de-lena\"><img decoding=\"async\" src=\"data:image\/gif;base64,R0lGODlhAQABAIAAAAAAAP\/\/\/yH5BAEAAAAALAAAAAABAAEAAAIBRAA7\" data-src=\"https:\/\/agroforestalrios.com\/wp-content\/uploads\/2023\/05\/lena-de-olivo.webp\" alt=\"le\u00f1a de olivo\" class=\"wp-image-231 lazyload\"\/><noscript><img decoding=\"async\" width=\"800\" height=\"533\" src=\"https:\/\/agroforestalrios.com\/wp-content\/uploads\/2023\/05\/lena-de-olivo.webp\" alt=\"le\u00f1a de olivo\" class=\"wp-image-231 lazyload\" srcset=\"https:\/\/www.agroforestalrios.com\/wp-content\/uploads\/2023\/05\/lena-de-olivo.webp 800w, https:\/\/www.agroforestalrios.com\/wp-content\/uploads\/2023\/05\/lena-de-olivo-300x200.webp 300w, https:\/\/www.agroforestalrios.com\/wp-content\/uploads\/2023\/05\/lena-de-olivo-768x512.webp 768w\" sizes=\"(max-width: 800px) 100vw, 800px\" \/><\/noscript><\/figure>\n\n\n<div class=\"gb-container gb-container-c507e886\">\n\n<h3 class=\"gb-headline gb-headline-d1803fc2 gb-headline-text\">Le\u00f1a de Olivo<\/h3>\n\n\n\n<p class=\"has-text-align-center\">Mezcla toza con ca\u00f1a. Elegida por la larga duraci\u00f3n&nbsp;de sus brasas.<\/p>\n\n\n\n<div class=\"wp-block-buttons is-content-justification-center is-layout-flex wp-container-core-buttons-is-layout-16018d1d wp-block-buttons-is-layout-flex\">\n<div class=\"wp-block-button\"><a class=\"wp-block-button__link has-background has-text-align-center wp-element-button\" style=\"border-radius:10px;background-color:#a7b8ae\"><strong>0,13\u20ac \/ kg<\/strong><\/a><\/div>\n\n\n\n<div class=\"wp-block-button\"><a class=\"wp-block-button__link has-text-color has-background wp-element-button\" href=\"https:\/\/www.agroforestalrios.com\/en\/lena-de-olivo\/\" style=\"border-radius:10px;color:#a7b8ae;background-color:#a7b8ae00\"><strong>ver m\u00e1s<\/strong><\/a><\/div>\n<\/div>\n\n\n\n<div style=\"height:5px\" aria-hidden=\"true\" class=\"wp-block-spacer\"><\/div>\n\n<\/div>\n<\/div><\/div>\n\n<div class=\"gb-grid-column gb-grid-column-3a6544b6\"><div class=\"gb-container gb-container-3a6544b6\">\n\n<figure class=\"wp-block-image size-full img-tipo-de-lena\"><img decoding=\"async\" src=\"data:image\/gif;base64,R0lGODlhAQABAIAAAAAAAP\/\/\/yH5BAEAAAAALAAAAAABAAEAAAIBRAA7\" data-src=\"https:\/\/agroforestalrios.com\/wp-content\/uploads\/2023\/05\/lena-de-roble.webp\" alt=\"le\u00f1a de roble\" class=\"wp-image-228 lazyload\"\/><noscript><img decoding=\"async\" width=\"800\" height=\"533\" src=\"https:\/\/agroforestalrios.com\/wp-content\/uploads\/2023\/05\/lena-de-roble.webp\" alt=\"le\u00f1a de roble\" class=\"wp-image-228 lazyload\" srcset=\"https:\/\/www.agroforestalrios.com\/wp-content\/uploads\/2023\/05\/lena-de-roble.webp 800w, https:\/\/www.agroforestalrios.com\/wp-content\/uploads\/2023\/05\/lena-de-roble-300x200.webp 300w, https:\/\/www.agroforestalrios.com\/wp-content\/uploads\/2023\/05\/lena-de-roble-768x512.webp 768w\" sizes=\"(max-width: 800px) 100vw, 800px\" \/><\/noscript><\/figure>\n\n\n<div class=\"gb-container gb-container-632e0098\">\n\n<h3 class=\"gb-headline gb-headline-b536e3c8 gb-headline-text\">Le\u00f1a de roble<\/h3>\n\n\n\n<p class=\"has-text-align-center\">Le\u00f1a ideal para aquellos que deseen&nbsp;mas llama que brasa.<\/p>\n\n\n\n<div class=\"wp-block-buttons is-content-justification-center is-layout-flex wp-container-core-buttons-is-layout-16018d1d wp-block-buttons-is-layout-flex\">\n<div class=\"wp-block-button\"><a class=\"wp-block-button__link has-background has-text-align-center wp-element-button\" style=\"border-radius:10px;background-color:#a7b8ae\"><strong>0,16\u20ac \/ kg<\/strong><\/a><\/div>\n\n\n\n<div class=\"wp-block-button\"><a class=\"wp-block-button__link has-text-color has-background wp-element-button\" href=\"https:\/\/www.agroforestalrios.com\/en\/lena-de-roble\/\" style=\"border-radius:10px;color:#a7b8ae;background-color:#a7b8ae00\"><strong>ver m\u00e1s<\/strong><\/a><\/div>\n<\/div>\n\n\n\n<div style=\"height:5px\" aria-hidden=\"true\" class=\"wp-block-spacer\"><\/div>\n\n<\/div>\n<\/div><\/div>\n\n<div class=\"gb-grid-column gb-grid-column-5564d01f\"><div class=\"gb-container gb-container-5564d01f\">\n\n<figure class=\"wp-block-image size-full img-tipo-de-lena\"><img decoding=\"async\" src=\"data:image\/gif;base64,R0lGODlhAQABAIAAAAAAAP\/\/\/yH5BAEAAAAALAAAAAABAAEAAAIBRAA7\" data-src=\"https:\/\/agroforestalrios.com\/wp-content\/uploads\/2023\/05\/lena-de-carrasca.webp\" alt=\"\" class=\"wp-image-230 lazyload\"\/><noscript><img decoding=\"async\" width=\"800\" height=\"533\" src=\"https:\/\/agroforestalrios.com\/wp-content\/uploads\/2023\/05\/lena-de-carrasca.webp\" alt=\"\" class=\"wp-image-230 lazyload\" srcset=\"https:\/\/www.agroforestalrios.com\/wp-content\/uploads\/2023\/05\/lena-de-carrasca.webp 800w, https:\/\/www.agroforestalrios.com\/wp-content\/uploads\/2023\/05\/lena-de-carrasca-300x200.webp 300w, https:\/\/www.agroforestalrios.com\/wp-content\/uploads\/2023\/05\/lena-de-carrasca-768x512.webp 768w\" sizes=\"(max-width: 800px) 100vw, 800px\" \/><\/noscript><\/figure>\n\n\n<div class=\"gb-container gb-container-ea0e34c7\">\n\n<h3 class=\"gb-headline gb-headline-58b473e3 gb-headline-text\">Le\u00f1a de carrasca<\/h3>\n\n\n\n<p class=\"has-text-align-center\">La m\u00e1s valorada por su densidad, brasa y alto poder calor\u00edfico.<\/p>\n\n\n\n<div class=\"wp-block-buttons is-content-justification-center is-layout-flex wp-container-core-buttons-is-layout-16018d1d wp-block-buttons-is-layout-flex\">\n<div class=\"wp-block-button\"><a class=\"wp-block-button__link has-background has-text-align-center wp-element-button\" style=\"border-radius:10px;background-color:#a7b8ae\"><strong>0,16\u20ac \/ kg<\/strong><\/a><\/div>\n\n\n\n<div class=\"wp-block-button\"><a class=\"wp-block-button__link has-text-color has-background wp-element-button\" href=\"https:\/\/www.agroforestalrios.com\/en\/lena-de-carrasca\/\" style=\"border-radius:10px;color:#a7b8ae;background-color:#a7b8ae00\"><strong>ver m\u00e1s<\/strong><\/a><\/div>\n<\/div>\n\n\n\n<div style=\"height:5px\" aria-hidden=\"true\" class=\"wp-block-spacer\"><\/div>\n\n<\/div>\n<\/div><\/div>\n<\/div>\n\n<div class=\"gb-container gb-container-e0813ceb\">\n\n<p class=\"has-text-align-center has-base-3-color has-text-color\"><strong>Tambi\u00e9n ofrecemos la posibilidad de comprar le\u00f1a de los diferentes tipos mezclada. En ese caso el precio por kilo ser\u00eda de 0,14\u20ac.<\/strong><\/p>\n\n<\/div>\n\n<div class=\"gb-container gb-container-898ce04a\">\n\n<p class=\"has-text-align-right has-base-3-color has-text-color\"><strong>*Precios sin IVA y sin portes.<\/strong> Actualmente el IVA aplicado a la compra venta de le\u00f1a es del 21%. Portes negociables a partir de 25.000kg.<\/p>\n\n<\/div>\n\n\n<div style=\"height:20px\" aria-hidden=\"true\" class=\"wp-block-spacer\"><\/div>\n\n<\/div>\n<\/div>\n\n<div class=\"gb-container gb-container-cdd4d0a7\">\n<div class=\"gb-container gb-container-3ded6034\">\n\n<div style=\"height:100px\" aria-hidden=\"true\" class=\"wp-block-spacer\"><\/div>\n\n\n\n<h2 class=\"wp-block-heading has-text-align-center\"><strong>\u00bfPor qu\u00e9 comprar nuestras le\u00f1as?<\/strong><\/h2>\n\n\n\n<div style=\"height:20px\" aria-hidden=\"true\" class=\"wp-block-spacer\"><\/div>\n\n\n\n<p class=\"has-text-align-center\">Nuestra experiencia en el sector de la le\u00f1a, nos permite <strong>saber cuales son las necesidades y las preocupaciones de nuestros clientes <\/strong>a la hora de comprar le\u00f1a. Esto nos permite <strong>ofrecer una le\u00f1a y un servicio de calidad<\/strong>.<\/p>\n\n\n\n<div style=\"height:30px\" aria-hidden=\"true\" class=\"wp-block-spacer\"><\/div>\n\n\n<div class=\"gb-grid-wrapper gb-grid-wrapper-d7c47d3c\">\n<div class=\"gb-grid-column gb-grid-column-961896ce\"><div class=\"gb-container gb-container-961896ce\">\n<div class=\"wp-block-image\">\n<figure class=\"aligncenter size-full\"><img decoding=\"async\" src=\"data:image\/gif;base64,R0lGODlhAQABAIAAAAAAAP\/\/\/yH5BAEAAAAALAAAAAABAAEAAAIBRAA7\" data-src=\"https:\/\/agroforestalrios.com\/wp-content\/uploads\/2023\/05\/icono-lenas.webp\" alt=\"venta de le\u00f1a\" class=\"wp-image-448 lazyload\"\/><noscript><img decoding=\"async\" width=\"150\" height=\"134\" src=\"https:\/\/agroforestalrios.com\/wp-content\/uploads\/2023\/05\/icono-lenas.webp\" alt=\"venta de le\u00f1a\" class=\"wp-image-448 lazyload\"\/><\/noscript><\/figure>\n<\/div>\n\n\n<div style=\"height:25px\" aria-hidden=\"true\" class=\"wp-block-spacer\"><\/div>\n\n\n\n<p class=\"has-text-align-center\">Todas las le\u00f1as est\u00e1n <strong>preparadas de corte entre 30 y 40cm<\/strong> m\u00e1ximo de&nbsp;longitud y <strong>astilladas a partir de 10-15cm<\/strong> con maquinaria&nbsp;propia.<\/p>\n\n<\/div><\/div>\n\n<div class=\"gb-grid-column gb-grid-column-e59b43fd\"><div class=\"gb-container gb-container-e59b43fd\">\n<div class=\"wp-block-image\">\n<figure class=\"aligncenter size-full\"><img decoding=\"async\" src=\"data:image\/gif;base64,R0lGODlhAQABAIAAAAAAAP\/\/\/yH5BAEAAAAALAAAAAABAAEAAAIBRAA7\" data-src=\"https:\/\/agroforestalrios.com\/wp-content\/uploads\/2023\/05\/icono-fuego.webp\" alt=\"le\u00f1a seca\" class=\"wp-image-449 lazyload\"\/><noscript><img decoding=\"async\" width=\"150\" height=\"134\" src=\"https:\/\/agroforestalrios.com\/wp-content\/uploads\/2023\/05\/icono-fuego.webp\" alt=\"le\u00f1a seca\" class=\"wp-image-449 lazyload\"\/><\/noscript><\/figure>\n<\/div>\n\n\n<div style=\"height:25px\" aria-hidden=\"true\" class=\"wp-block-spacer\"><\/div>\n\n\n\n<p class=\"has-text-align-center\"><strong>Toda nuestra le\u00f1a se vende seca.<\/strong> Esto es importante ya que <strong>usara de manera correcta todo su poder calor\u00edfico<\/strong> durante la combusti\u00f3n.<\/p>\n\n<\/div><\/div>\n\n<div class=\"gb-grid-column gb-grid-column-355e681f\"><div class=\"gb-container gb-container-355e681f\">\n<div class=\"wp-block-image\">\n<figure class=\"aligncenter size-full\"><img decoding=\"async\" src=\"data:image\/gif;base64,R0lGODlhAQABAIAAAAAAAP\/\/\/yH5BAEAAAAALAAAAAABAAEAAAIBRAA7\" data-src=\"https:\/\/agroforestalrios.com\/wp-content\/uploads\/2023\/05\/icono-documentos.webp\" alt=\"licencia de explotaci\u00f3n de le\u00f1a\" class=\"wp-image-450 lazyload\"\/><noscript><img decoding=\"async\" width=\"150\" height=\"134\" src=\"https:\/\/agroforestalrios.com\/wp-content\/uploads\/2023\/05\/icono-documentos.webp\" alt=\"licencia de explotaci\u00f3n de le\u00f1a\" class=\"wp-image-450 lazyload\"\/><\/noscript><\/figure>\n<\/div>\n\n\n<div style=\"height:25px\" aria-hidden=\"true\" class=\"wp-block-spacer\"><\/div>\n\n\n\n<p class=\"has-text-align-center\">Contamos con las <strong>licencias y permisos necesarios <\/strong>para desarrollar la actividad, garantizando as\u00ed la <strong>excelencia del servicio.<\/strong><\/p>\n\n<\/div><\/div>\n<\/div>\n\n\n<div style=\"height:100px\" aria-hidden=\"true\" class=\"wp-block-spacer\"><\/div>\n\n<\/div>\n<\/div>\n\n<div class=\"gb-container gb-container-bc6c7a31\">\n<div class=\"gb-container gb-container-31610e3f\">\n\n<div style=\"height:60px\" aria-hidden=\"true\" class=\"wp-block-spacer\"><\/div>\n\n\n\n<h2 class=\"wp-block-heading has-text-align-center\"><strong>Venta de le\u00f1a en Barbastro y pueblos del Somontano<\/strong><\/h2>\n\n\n\n<div style=\"height:30px\" aria-hidden=\"true\" class=\"wp-block-spacer\"><\/div>\n\n\n\n<p class=\"has-text-align-center\">Distribuimos le\u00f1a tanto en Barbastro como en cualquiera de los pueblos de sus alrededores. Contamos un un almac\u00e9n propio y con un stock disponible permanente que nos permite la venta de le\u00f1a durante todo el a\u00f1o.<\/p>\n\n\n\n<div style=\"height:30px\" aria-hidden=\"true\" class=\"wp-block-spacer\"><\/div>\n\n\n\n<figure class=\"wp-block-table\"><table><tbody><tr><td>Abiego<\/td><td>Adahuesca<\/td><td>Alqu\u00e9zar<\/td><td>Azara<\/td><\/tr><tr><td>Azlor<\/td><td>Barbu\u00f1ales<\/td><td>Berbegal<\/td><td>Bierge<\/td><\/tr><tr><td>Castej\u00f3n del Puente<\/td><td>Castillazuelo<\/td><td>Colungo<\/td><td>Estada<\/td><\/tr><tr><td>Estadilla<\/td><td>El Grado<\/td><td>Hoz y Costean<\/td><td>Ilche<\/td><\/tr><tr><td>Laluenga<\/td><td>Laperdiguera<\/td><td>Lascellas Ponzano<\/td><td>Naval<\/td><\/tr><tr><td>Olvena<\/td><td>Peralta de Alcofea<\/td><td>Peraltilla<\/td><td>Poz\u00e1n de Vero<\/td><\/tr><tr><td>Salas Altas<\/td><td>Salas Bajas<\/td><td>Santa Mar\u00eda de Dulcis<\/td><td>Torres de Alcanadre<\/td><\/tr><\/tbody><\/table><\/figure>\n\n\n\n<div style=\"height:60px\" aria-hidden=\"true\" class=\"wp-block-spacer\"><\/div>\n\n<\/div>\n<\/div>\n\n<div class=\"gb-container gb-container-c94de1ac\">\n<div class=\"gb-container gb-container-68d8c959\">\n\n<div style=\"height:20px\" aria-hidden=\"true\" class=\"wp-block-spacer\"><\/div>\n\n\n\n<h2 class=\"wp-block-heading has-text-align-center has-contrast-color has-text-color\">\u00bfQuieres comprar le\u00f1a? Contacta con nosotros:<\/h2>\n\n\n\n<div style=\"height:10px\" aria-hidden=\"true\" class=\"wp-block-spacer\"><\/div>\n\n\n<div class=\"gb-grid-wrapper gb-grid-wrapper-1c373d5a\">\n<div class=\"gb-grid-column gb-grid-column-b7b4f620\"><div class=\"gb-container gb-container-b7b4f620\">\n\n<span class=\"gb-button gb-button-bccd89e3\"><span class=\"gb-icon\"><svg aria-hidden=\"true\" role=\"img\" height=\"1em\" width=\"1em\" viewbox=\"0 0 384 512\" xmlns=\"http:\/\/www.w3.org\/2000\/svg\"><path fill=\"currentColor\" d=\"M172.268 501.67C26.97 291.031 0 269.413 0 192 0 85.961 85.961 0 192 0s192 85.961 192 192c0 77.413-26.97 99.031-172.268 309.67-9.535 13.774-29.93 13.773-39.464 0zM192 272c44.183 0 80-35.817 80-80s-35.817-80-80-80-80 35.817-80 80 35.817 80 80 80z\"><\/path><\/svg><\/span><span class=\"gb-button-text\">Camino de Ponzano n\u00ba2<br>Laluenga (Huesca)<\/span><\/span>\n\n<\/div><\/div>\n\n<div class=\"gb-grid-column gb-grid-column-461f81be\"><div class=\"gb-container gb-container-461f81be\">\n\n<span class=\"gb-button gb-button-85067755\"><span class=\"gb-icon\"><svg aria-hidden=\"true\" role=\"img\" height=\"1em\" width=\"1em\" viewbox=\"0 0 512 512\" xmlns=\"http:\/\/www.w3.org\/2000\/svg\"><path fill=\"currentColor\" d=\"M493.4 24.6l-104-24c-11.3-2.6-22.9 3.3-27.5 13.9l-48 112c-4.2 9.8-1.4 21.3 6.9 28l60.6 49.6c-36 76.7-98.9 140.5-177.2 177.2l-49.6-60.6c-6.8-8.3-18.2-11.1-28-6.9l-112 48C3.9 366.5-2 378.1.6 389.4l24 104C27.1 504.2 36.7 512 48 512c256.1 0 464-207.5 464-464 0-11.2-7.7-20.9-18.6-23.4z\"><\/path><\/svg><\/span><span class=\"gb-button-text\">+34 607 56 82 56<\/span><\/span>\n\n<\/div><\/div>\n\n<div class=\"gb-grid-column gb-grid-column-0701be4b\"><div class=\"gb-container gb-container-0701be4b\">\n\n<a class=\"gb-button gb-button-5e2f2ee8\" href=\"mailto:eloyriosmoliner@yahoo.es\"><span class=\"gb-icon\"><svg aria-hidden=\"true\" role=\"img\" height=\"1em\" width=\"1em\" viewbox=\"0 0 512 512\" xmlns=\"http:\/\/www.w3.org\/2000\/svg\"><path fill=\"currentColor\" d=\"M464 64H48C21.49 64 0 85.49 0 112v288c0 26.51 21.49 48 48 48h416c26.51 0 48-21.49 48-48V112c0-26.51-21.49-48-48-48zm0 48v40.805c-22.422 18.259-58.168 46.651-134.587 106.49-16.841 13.247-50.201 45.072-73.413 44.701-23.208.375-56.579-31.459-73.413-44.701C106.18 199.465 70.425 171.067 48 152.805V112h416zM48 400V214.398c22.914 18.251 55.409 43.862 104.938 82.646 21.857 17.205 60.134 55.186 103.062 54.955 42.717.231 80.509-37.199 103.053-54.947 49.528-38.783 82.032-64.401 104.947-82.653V400H48z\"><\/path><\/svg><\/span><span class=\"gb-button-text\">Enviar email<\/span><\/a>\n\n<\/div><\/div>\n<\/div>\n\n\n<div style=\"height:20px\" aria-hidden=\"true\" class=\"wp-block-spacer\"><\/div>\n\n<\/div>\n<\/div>","protected":false},"excerpt":{"rendered":"<p>Compra-venta de Le\u00f1a VENTA DE LE\u00d1A EN BARBASTRO \u00bfQu\u00e9 tipos de le\u00f1a vendemos en Barbastro? Tambi\u00e9n ofrecemos la posibilidad de comprar le\u00f1a de los diferentes tipos mezclada. En ese caso el precio por kilo ser\u00eda de 0,14\u20ac. *Precios sin IVA y sin portes. Actualmente el IVA aplicado a la compra venta de le\u00f1a es del &#8230; <a title=\"Venta de le\u00f1a en Barbastro\" class=\"read-more\" href=\"https:\/\/www.agroforestalrios.com\/en\/venta-de-lena-en-barbastro\/\" aria-label=\"Read more about Venta de le\u00f1a en Barbastro\">Read more<\/a><\/p>","protected":false},"author":1,"featured_media":538,"parent":0,"menu_order":0,"comment_status":"closed","ping_status":"closed","template":"","meta":{"_joinchat":[],"footnotes":""},"class_list":["post-177","page","type-page","status-publish","has-post-thumbnail"],"_links":{"self":[{"href":"https:\/\/www.agroforestalrios.com\/en\/wp-json\/wp\/v2\/pages\/177","targetHints":{"allow":["GET"]}}],"collection":[{"href":"https:\/\/www.agroforestalrios.com\/en\/wp-json\/wp\/v2\/pages"}],"about":[{"href":"https:\/\/www.agroforestalrios.com\/en\/wp-json\/wp\/v2\/types\/page"}],"author":[{"embeddable":true,"href":"https:\/\/www.agroforestalrios.com\/en\/wp-json\/wp\/v2\/users\/1"}],"replies":[{"embeddable":true,"href":"https:\/\/www.agroforestalrios.com\/en\/wp-json\/wp\/v2\/comments?post=177"}],"version-history":[{"count":28,"href":"https:\/\/www.agroforestalrios.com\/en\/wp-json\/wp\/v2\/pages\/177\/revisions"}],"predecessor-version":[{"id":946,"href":"https:\/\/www.agroforestalrios.com\/en\/wp-json\/wp\/v2\/pages\/177\/revisions\/946"}],"wp:featuredmedia":[{"embeddable":true,"href":"https:\/\/www.agroforestalrios.com\/en\/wp-json\/wp\/v2\/media\/538"}],"wp:attachment":[{"href":"https:\/\/www.agroforestalrios.com\/en\/wp-json\/wp\/v2\/media?parent=177"}],"curies":[{"name":"wp","href":"https:\/\/api.w.org\/{rel}","templated":true}]}}